{"id":8021,"date":"2024-03-15T10:56:34","date_gmt":"2024-03-15T14:56:34","guid":{"rendered":"https:\/\/healthnetwm.org\/servicios-de-formacion\/curriculum-del-modelo-de-atencion\/"},"modified":"2025-07-14T09:40:23","modified_gmt":"2025-07-14T13:40:23","slug":"curriculum-del-modelo-de-atencion","status":"publish","type":"page","link":"https:\/\/healthnetwm.org\/es\/servicios-de-capacitacion\/curriculum-del-modelo-de-atencion\/","title":{"rendered":"Curr\u00edculum del Care Model\u00a9"},"content":{"rendered":"<div class=\"wpb-content-wrapper\"><p>[vc_row row_height_percent=\u00bb0&#8243; back_color=\u00bbcolor-nhtu\u00bb overlay_alpha=\u00bb50&#8243; gutter_size=\u00bb3&#8243; column_width_percent=\u00bb100&#8243; shift_y=\u00bb0&#8243; z_index=\u00bb0&#8243; content_parallax=\u00bb0&#8243; uncode_shortcode_id=\u00bb316240&#8243; back_color_type=\u00bbuncode-palette\u00bb][vc_column width=\u00bb1\/1&#8243;][uncode_breadcrumbs text_lead=\u00bbyes\u00bb][\/vc_column][\/vc_row][vc_row row_height_percent=\u00bb0&#8243; back_color=\u00bbaccent\u00bb overlay_alpha=\u00bb50&#8243; gutter_size=\u00bb3&#8243; column_width_percent=\u00bb100&#8243; shift_y=\u00bb0&#8243; z_index=\u00bb0&#8243; content_parallax=\u00bb0&#8243; uncode_shortcode_id=\u00bb784340&#8243; back_color_type=\u00bbuncode-palette\u00bb][vc_column][vc_row_inner row_inner_height_percent=\u00bb0&#8243; overlay_alpha=\u00bb50&#8243; gutter_size=\u00bb3&#8243; shift_y=\u00bb0&#8243; z_index=\u00bb0&#8243; uncode_shortcode_id=\u00bb178325&#8243; el_class=\u00bblarge-quote-container\u00bb limit_content=\u00bb\u00bb][vc_column_inner column_width_percent=\u00bb100&#8243; align_horizontal=\u00bbalign_center\u00bb gutter_size=\u00bb0&#8243; overlay_alpha=\u00bb50&#8243; shift_x=\u00bb0&#8243; shift_y=\u00bb0&#8243; shift_y_down=\u00bb0&#8243; z_index=\u00bb0&#8243; medium_width=\u00bb0&#8243; mobile_width=\u00bb0&#8243; width=\u00bb1\/1&#8243; uncode_shortcode_id=\u00bb128630&#8243;][vc_custom_heading text_color=\u00bbcolor-nhtu\u00bb heading_semantic=\u00bbh3&#8243; text_font=\u00bbfont-363784&#8243; text_size=\u00bbh3&#8243; text_weight=\u00bb600&#8243; uncode_shortcode_id=\u00bb196777&#8243; text_color_type=\u00bbuncode-palette\u00bb el_class=\u00bbtext-responsive-left\u00bb]<span style=\"font-weight: 400;\">Licencia del Plan de Estudios del Care Model\u00a9<\/span>[\/vc_custom_heading][vc_custom_heading text_color=\u00bbcolor-nhtu\u00bb heading_semantic=\u00bbh4&#8243; text_font=\u00bbfont-925723&#8243; text_size=\u00bbh4&#8243; text_weight=\u00bb400&#8243; text_height=\u00bbfontheight-165227&#8243; uncode_shortcode_id=\u00bb214322&#8243; text_color_type=\u00bbuncode-palette\u00bb el_class=\u00bbpadding1 text-responsive-left\u00bb]<span style=\"font-weight: 400;\">Completar una capacitaci\u00f3n externa para un cohorte requiere un compromiso de tiempo que para algunas organizaciones es dif\u00edcil de gestionar. Para solucionar este problema, Health Net ofrece a las organizaciones de Michigan y del pa\u00eds la oportunidad de obtener la licencia del plan de estudios del Care Model\u00a9 para aplicarlo con su personal dentro de su propio horario. La licencia del plan de estudios da a las organizaciones acceso a los programas de formaci\u00f3n, gu\u00edas, manuales y asistencia t\u00e9cnica para ayudar a tu equipo a utilizar los materiales con eficacia. Esta opci\u00f3n proporciona la flexibilidad necesaria para que los equipos m\u00e1s grandes apliquen el marco de formaci\u00f3n como parte de su estructura organizativa. Utilizando un concepto de \u201cformaci\u00f3n de formadores\u201d, formaremos directamente a tu personal interno para que pueda dirigir las sesiones de implantaci\u00f3n a mayor escala para el personal existente y el nuevo.    <\/span>[\/vc_custom_heading][\/vc_column_inner][\/vc_row_inner][\/vc_column][\/vc_row][vc_row row_height_percent=\u00bb0&#8243; overlay_alpha=\u00bb50&#8243; equal_height=\u00bbyes\u00bb gutter_size=\u00bb3&#8243; column_width_percent=\u00bb100&#8243; shift_y=\u00bb0&#8243; z_index=\u00bb0&#8243; content_parallax=\u00bb0&#8243; uncode_shortcode_id=\u00bb144246&#8243; el_class=\u00bbpadding4&#8243;][vc_column width=\u00bb1\/1&#8243;][vc_single_image media=\u00bb7775&#8243; media_width_percent=\u00bb100&#8243; media_ratio=\u00bbtwentyone-nine\u00bb shape=\u00bbimg-round\u00bb radius=\u00bbxl\u00bb uncode_shortcode_id=\u00bb802176&#8243;][\/vc_column][\/vc_row][vc_row row_height_percent=\u00bb0&#8243; overlay_alpha=\u00bb50&#8243; equal_height=\u00bbyes\u00bb gutter_size=\u00bb3&#8243; column_width_percent=\u00bb100&#8243; shift_y=\u00bb0&#8243; z_index=\u00bb0&#8243; content_parallax=\u00bb0&#8243; uncode_shortcode_id=\u00bb166440&#8243; el_class=\u00bbpadding2&#8243;][vc_column width=\u00bb1\/1&#8243;][vc_custom_heading heading_semantic=\u00bbh3&#8243; text_font=\u00bbfont-363784&#8243; text_size=\u00bbh3&#8243; text_weight=\u00bb600&#8243; uncode_shortcode_id=\u00bb139827&#8243;]\u00bfQu\u00e9 incluye el paquete de formaci\u00f3n del Care Model\u00a9 Licenciada?[\/vc_custom_heading][vc_accordion typography=\u00bbadvanced\u00bb sign=\u00bbplus\u00bb sign_size=\u00bbmd\u00bb content_border=\u00bbyes\u00bb title_padding=\u00bbyes\u00bb gutter_simple=\u00bb0&#8243; titles_font=\u00bbfont-363784&#8243; titles_size=\u00bbh4&#8243; titles_weight=\u00bb600&#8243; uncode_shortcode_id=\u00bb196083&#8243; active_tab=\u00bb0&#8243;][vc_accordion_tab gutter_size=\u00bb2&#8243; column_padding=\u00bb2&#8243; title=\u00bbGu\u00eda del Care Model\u00a9 para la Implantaci\u00f3n del Programa\u00bb tab_id=\u00bb1745323919497-3-017454194928051745860702760&#8243;][vc_custom_heading heading_semantic=\u00bbh5&#8243; text_font=\u00bbfont-925723&#8243; text_size=\u00bbh5&#8243; text_weight=\u00bb400&#8243; text_height=\u00bbfontheight-165227&#8243; uncode_shortcode_id=\u00bb873433&#8243;]<span style=\"font-weight: 400;\">Un manual de 120 p\u00e1ginas para su uso con equipos de navegadores de servicios de salud y sociales. Incluye la filosof\u00eda del Care Model\u00a9, normas y alcance de trabajo, un mapa de procesos, protocolos de seguridad y orientaciones y temas de conversaci\u00f3n para el personal. <\/span>[\/vc_custom_heading][\/vc_accordion_tab][vc_accordion_tab gutter_size=\u00bb2&#8243; column_padding=\u00bb2&#8243; title=\u00bbGu\u00eda del Facilitador de Formaci\u00f3n del Care Model\u00a9\u00bb tab_id=\u00bb1745290391-1-1517454194928051745860702760&#8243;][vc_custom_heading heading_semantic=\u00bbh5&#8243; text_font=\u00bbfont-925723&#8243; text_size=\u00bbh5&#8243; text_weight=\u00bb400&#8243; text_height=\u00bbfontheight-165227&#8243; uncode_shortcode_id=\u00bb199514&#8243;]<span style=\"font-weight: 400;\">Se proporciona un libro detallado para guiar a los instructores a trav\u00e9s del material de cada lecci\u00f3n con gran detalle. Tambi\u00e9n incluye una historia detallada del Care Model\u00a9 e informaci\u00f3n sobre la filosof\u00eda de formaci\u00f3n de Health Net y la atenci\u00f3n informada sobre traumas. <\/span>[\/vc_custom_heading][\/vc_accordion_tab][vc_accordion_tab gutter_size=\u00bb2&#8243; column_padding=\u00bb2&#8243; title=\u00bbManual del Participante en la Formaci\u00f3n sobre el Care Model\u00a9\u00bb tab_id=\u00bb1745290391-2-8117454194928051745860702760&#8243;][vc_custom_heading heading_semantic=\u00bbh5&#8243; text_font=\u00bbfont-925723&#8243; text_size=\u00bbh5&#8243; text_weight=\u00bb400&#8243; text_height=\u00bbfontheight-165227&#8243; uncode_shortcode_id=\u00bb752583&#8243;]<span style=\"font-weight: 400;\">Este manual incluye informaci\u00f3n valiosa, gr\u00e1ficos y actividades para cada lecci\u00f3n. Cada participante en la clase debe tener su propio manual. <\/span>[\/vc_custom_heading][\/vc_accordion_tab][vc_accordion_tab gutter_size=\u00bb2&#8243; column_padding=\u00bb2&#8243; title=\u00bbDiapositivas de Formaci\u00f3n del Care Model \u00a9\u00bb tab_id=\u00bb1745323897115-2-717454194928051745860702760&#8243;][vc_custom_heading heading_semantic=\u00bbh5&#8243; text_font=\u00bbfont-925723&#8243; text_size=\u00bbh5&#8243; text_weight=\u00bb400&#8243; text_height=\u00bbfontheight-165227&#8243; uncode_shortcode_id=\u00bb141199&#8243;]<span style=\"font-weight: 400;\">Hay un PowerPoint para cada lecci\u00f3n y se incluyen notas detalladas de la presentaci\u00f3n para guiar al instructor.<\/span>[\/vc_custom_heading][\/vc_accordion_tab][\/vc_accordion][\/vc_column][\/vc_row][vc_row][vc_column column_width_percent=\u00bb100&#8243; gutter_size=\u00bb0&#8243; overlay_alpha=\u00bb50&#8243; shift_x=\u00bb0&#8243; shift_y=\u00bb0&#8243; shift_y_down=\u00bb0&#8243; z_index=\u00bb0&#8243; medium_width=\u00bb0&#8243; mobile_width=\u00bb0&#8243; width=\u00bb1\/1&#8243; uncode_shortcode_id=\u00bb642928&#8243;][vc_row_inner row_inner_height_percent=\u00bb0&#8243; back_color=\u00bbcolor-nhtu\u00bb overlay_alpha=\u00bb50&#8243; gutter_size=\u00bb3&#8243; shift_y=\u00bb0&#8243; z_index=\u00bb0&#8243; uncode_shortcode_id=\u00bb604227&#8243; el_class=\u00bblarge-quote-container\u00bb back_color_type=\u00bbuncode-palette\u00bb limit_content=\u00bb\u00bb][vc_column_inner column_width_percent=\u00bb100&#8243; gutter_size=\u00bb0&#8243; overlay_alpha=\u00bb50&#8243; shift_x=\u00bb0&#8243; shift_y=\u00bb0&#8243; shift_y_down=\u00bb0&#8243; z_index=\u00bb0&#8243; medium_width=\u00bb0&#8243; mobile_width=\u00bb0&#8243; width=\u00bb1\/1&#8243; uncode_shortcode_id=\u00bb126349&#8243;][vc_custom_heading heading_semantic=\u00bbh3&#8243; text_font=\u00bbfont-363784&#8243; text_size=\u00bbh3&#8243; text_weight=\u00bb600&#8243; uncode_shortcode_id=\u00bb599164&#8243;]\u00bfQuieres comprar tu licencia?[\/vc_custom_heading][vc_custom_heading heading_semantic=\u00bbh4&#8243; text_font=\u00bbfont-925723&#8243; text_size=\u00bbh4&#8243; text_weight=\u00bb400&#8243; text_height=\u00bbfontheight-165227&#8243; uncode_shortcode_id=\u00bb187221&#8243; el_class=\u00bbtextpadding2&#8243;]<span style=\"font-weight: 400;\">Cuando est\u00e9s preparado es f\u00e1cil empezar. Completa nuestro  <\/span><span style=\"font-weight: 400;\">formulario de contacto<\/span><span style=\"font-weight: 400;\"> y concertaremos una reuni\u00f3n para hablar de tus necesidades organizativas. Despu\u00e9s, te proporcionaremos un presupuesto personalizado. Una vez que compres el paquete del plan de estudios, trabajaremos con un representante de tu organizaci\u00f3n para programar una sesi\u00f3n de seguimiento espec\u00edfica para nuestros formadores autorizados sobre c\u00f3mo utilizar los materiales para formar a tu equipo.   <\/span>[\/vc_custom_heading][\/vc_column_inner][\/vc_row_inner][\/vc_column][\/vc_row][vc_row][vc_column width=\u00bb1\/1&#8243;][uncode_block id=\u00bb6343&#8243;][\/vc_column][\/vc_row][vc_row][vc_column width=\u00bb1\/1&#8243;][uncode_block id=\u00bb6207&#8243;][\/vc_column][\/vc_row]<\/p>\n<\/div>","protected":false},"excerpt":{"rendered":"<p>[vc_row row_height_percent=\u00bb0&#8243; back_color=\u00bbcolor-nhtu\u00bb overlay_alpha=\u00bb50&#8243; gutter_size=\u00bb3&#8243; column_width_percent=\u00bb100&#8243; shift_y=\u00bb0&#8243; z_index=\u00bb0&#8243; content_parallax=\u00bb0&#8243; uncode_shortcode_id=\u00bb316240&#8243; back_color_type=\u00bbuncode-palette\u00bb][vc_column width=\u00bb1\/1&#8243;][uncode_breadcrumbs text_lead=\u00bbyes\u00bb][\/vc_column][\/vc_row][vc_row row_height_percent=\u00bb0&#8243; back_color=\u00bbaccent\u00bb overlay_alpha=\u00bb50&#8243; gutter_size=\u00bb3&#8243; column_width_percent=\u00bb100&#8243; shift_y=\u00bb0&#8243; z_index=\u00bb0&#8243; [&hellip;]<\/p>\n","protected":false},"author":1,"featured_media":6340,"parent":8020,"menu_order":0,"comment_status":"closed","ping_status":"closed","template":"","meta":{"footnotes":""},"class_list":["post-8021","page","type-page","status-publish","has-post-thumbnail","hentry"],"yoast_head":"<!-- This site is optimized with the Yoast SEO plugin v26.9 - https:\/\/yoast.com\/product\/yoast-seo-wordpress\/ -->\n<title>Curr\u00edculum del Care Model\u00a9 - Health Net of West Michigan<\/title>\n<meta name=\"robots\" content=\"index, follow, max-snippet:-1, max-image-preview:large, max-video-preview:-1\" \/>\n<link rel=\"canonical\" href=\"https:\/\/healthnetwm.org\/es\/servicios-de-capacitacion\/curriculum-del-modelo-de-atencion\/\" \/>\n<meta property=\"og:locale\" content=\"es_ES\" \/>\n<meta property=\"og:type\" content=\"article\" \/>\n<meta property=\"og:title\" content=\"Curr\u00edculum del Care Model\u00a9 - Health Net of West Michigan\" \/>\n<meta property=\"og:description\" content=\"[vc_row row_height_percent=\u00bb0&#8243; back_color=\u00bbcolor-nhtu\u00bb overlay_alpha=\u00bb50&#8243; gutter_size=\u00bb3&#8243; column_width_percent=\u00bb100&#8243; shift_y=\u00bb0&#8243; z_index=\u00bb0&#8243; content_parallax=\u00bb0&#8243; uncode_shortcode_id=\u00bb316240&#8243; back_color_type=\u00bbuncode-palette\u00bb][vc_column width=\u00bb1\/1&#8243;][uncode_breadcrumbs text_lead=\u00bbyes\u00bb][\/vc_column][\/vc_row][vc_row row_height_percent=\u00bb0&#8243; back_color=\u00bbaccent\u00bb overlay_alpha=\u00bb50&#8243; gutter_size=\u00bb3&#8243; column_width_percent=\u00bb100&#8243; shift_y=\u00bb0&#8243; z_index=\u00bb0&#8243; [&hellip;]\" \/>\n<meta property=\"og:url\" content=\"https:\/\/healthnetwm.org\/es\/servicios-de-capacitacion\/curriculum-del-modelo-de-atencion\/\" \/>\n<meta property=\"og:site_name\" content=\"Health Net of West Michigan\" \/>\n<meta property=\"article:publisher\" content=\"https:\/\/www.facebook.com\/healthnetwm\" \/>\n<meta property=\"article:modified_time\" content=\"2025-07-14T13:40:23+00:00\" \/>\n<meta property=\"og:image\" content=\"https:\/\/healthnetwm.org\/wp-content\/uploads\/2025\/04\/Default-Blog-Post-Image.png\" \/>\n\t<meta property=\"og:image:width\" content=\"1000\" \/>\n\t<meta property=\"og:image:height\" content=\"750\" \/>\n\t<meta property=\"og:image:type\" content=\"image\/png\" \/>\n<meta name=\"twitter:card\" content=\"summary_large_image\" \/>\n<meta name=\"twitter:site\" content=\"@HealthNetWM\" \/>\n<meta name=\"twitter:label1\" content=\"Tiempo de lectura\" \/>\n\t<meta name=\"twitter:data1\" content=\"3 minutos\" \/>\n<script type=\"application\/ld+json\" class=\"yoast-schema-graph\">{\"@context\":\"https:\/\/schema.org\",\"@graph\":[{\"@type\":\"WebPage\",\"@id\":\"https:\/\/healthnetwm.org\/es\/servicios-de-capacitacion\/curriculum-del-modelo-de-atencion\/\",\"url\":\"https:\/\/healthnetwm.org\/es\/servicios-de-capacitacion\/curriculum-del-modelo-de-atencion\/\",\"name\":\"Curr\u00edculum del Care Model\u00a9 - Health Net of West Michigan\",\"isPartOf\":{\"@id\":\"https:\/\/healthnetwm.org\/#website\"},\"primaryImageOfPage\":{\"@id\":\"https:\/\/healthnetwm.org\/es\/servicios-de-capacitacion\/curriculum-del-modelo-de-atencion\/#primaryimage\"},\"image\":{\"@id\":\"https:\/\/healthnetwm.org\/es\/servicios-de-capacitacion\/curriculum-del-modelo-de-atencion\/#primaryimage\"},\"thumbnailUrl\":\"https:\/\/healthnetwm.org\/wp-content\/uploads\/2025\/04\/Default-Blog-Post-Image.png\",\"datePublished\":\"2024-03-15T14:56:34+00:00\",\"dateModified\":\"2025-07-14T13:40:23+00:00\",\"breadcrumb\":{\"@id\":\"https:\/\/healthnetwm.org\/es\/servicios-de-capacitacion\/curriculum-del-modelo-de-atencion\/#breadcrumb\"},\"inLanguage\":\"es\",\"potentialAction\":[{\"@type\":\"ReadAction\",\"target\":[\"https:\/\/healthnetwm.org\/es\/servicios-de-capacitacion\/curriculum-del-modelo-de-atencion\/\"]}]},{\"@type\":\"ImageObject\",\"inLanguage\":\"es\",\"@id\":\"https:\/\/healthnetwm.org\/es\/servicios-de-capacitacion\/curriculum-del-modelo-de-atencion\/#primaryimage\",\"url\":\"https:\/\/healthnetwm.org\/wp-content\/uploads\/2025\/04\/Default-Blog-Post-Image.png\",\"contentUrl\":\"https:\/\/healthnetwm.org\/wp-content\/uploads\/2025\/04\/Default-Blog-Post-Image.png\",\"width\":1000,\"height\":750},{\"@type\":\"BreadcrumbList\",\"@id\":\"https:\/\/healthnetwm.org\/es\/servicios-de-capacitacion\/curriculum-del-modelo-de-atencion\/#breadcrumb\",\"itemListElement\":[{\"@type\":\"ListItem\",\"position\":1,\"name\":\"Home\",\"item\":\"https:\/\/healthnetwm.org\/es\/\"},{\"@type\":\"ListItem\",\"position\":2,\"name\":\"Servicios de Capacitaci\u00f3n\",\"item\":\"https:\/\/healthnetwm.org\/es\/servicios-de-capacitacion\/\"},{\"@type\":\"ListItem\",\"position\":3,\"name\":\"Curr\u00edculum del Care Model\u00a9\"}]},{\"@type\":\"WebSite\",\"@id\":\"https:\/\/healthnetwm.org\/#website\",\"url\":\"https:\/\/healthnetwm.org\/\",\"name\":\"Health Net of West Michigan\",\"description\":\"Navigating Care. Connecting Resources.\",\"publisher\":{\"@id\":\"https:\/\/healthnetwm.org\/#organization\"},\"potentialAction\":[{\"@type\":\"SearchAction\",\"target\":{\"@type\":\"EntryPoint\",\"urlTemplate\":\"https:\/\/healthnetwm.org\/?s={search_term_string}\"},\"query-input\":{\"@type\":\"PropertyValueSpecification\",\"valueRequired\":true,\"valueName\":\"search_term_string\"}}],\"inLanguage\":\"es\"},{\"@type\":\"Organization\",\"@id\":\"https:\/\/healthnetwm.org\/#organization\",\"name\":\"Health Net of West Michigan\",\"url\":\"https:\/\/healthnetwm.org\/\",\"logo\":{\"@type\":\"ImageObject\",\"inLanguage\":\"es\",\"@id\":\"https:\/\/healthnetwm.org\/#\/schema\/logo\/image\/\",\"url\":\"https:\/\/healthnetwm.org\/wp-content\/uploads\/2018\/08\/hnwm-logo-2-min.png\",\"contentUrl\":\"https:\/\/healthnetwm.org\/wp-content\/uploads\/2018\/08\/hnwm-logo-2-min.png\",\"width\":770,\"height\":220,\"caption\":\"Health Net of West Michigan\"},\"image\":{\"@id\":\"https:\/\/healthnetwm.org\/#\/schema\/logo\/image\/\"},\"sameAs\":[\"https:\/\/www.facebook.com\/healthnetwm\",\"https:\/\/x.com\/HealthNetWM\",\"https:\/\/www.instagram.com\/healthnetwm\/\",\"https:\/\/www.linkedin.com\/company\/health-net-of-west-michigan\/\"]}]}<\/script>\n<!-- \/ Yoast SEO plugin. -->","yoast_head_json":{"title":"Curr\u00edculum del Care Model\u00a9 - Health Net of West Michigan","robots":{"index":"index","follow":"follow","max-snippet":"max-snippet:-1","max-image-preview":"max-image-preview:large","max-video-preview":"max-video-preview:-1"},"canonical":"https:\/\/healthnetwm.org\/es\/servicios-de-capacitacion\/curriculum-del-modelo-de-atencion\/","og_locale":"es_ES","og_type":"article","og_title":"Curr\u00edculum del Care Model\u00a9 - Health Net of West Michigan","og_description":"[vc_row row_height_percent=\u00bb0&#8243; back_color=\u00bbcolor-nhtu\u00bb overlay_alpha=\u00bb50&#8243; gutter_size=\u00bb3&#8243; column_width_percent=\u00bb100&#8243; shift_y=\u00bb0&#8243; z_index=\u00bb0&#8243; content_parallax=\u00bb0&#8243; uncode_shortcode_id=\u00bb316240&#8243; back_color_type=\u00bbuncode-palette\u00bb][vc_column width=\u00bb1\/1&#8243;][uncode_breadcrumbs text_lead=\u00bbyes\u00bb][\/vc_column][\/vc_row][vc_row row_height_percent=\u00bb0&#8243; back_color=\u00bbaccent\u00bb overlay_alpha=\u00bb50&#8243; gutter_size=\u00bb3&#8243; column_width_percent=\u00bb100&#8243; shift_y=\u00bb0&#8243; z_index=\u00bb0&#8243; [&hellip;]","og_url":"https:\/\/healthnetwm.org\/es\/servicios-de-capacitacion\/curriculum-del-modelo-de-atencion\/","og_site_name":"Health Net of West Michigan","article_publisher":"https:\/\/www.facebook.com\/healthnetwm","article_modified_time":"2025-07-14T13:40:23+00:00","og_image":[{"width":1000,"height":750,"url":"https:\/\/healthnetwm.org\/wp-content\/uploads\/2025\/04\/Default-Blog-Post-Image.png","type":"image\/png"}],"twitter_card":"summary_large_image","twitter_site":"@HealthNetWM","twitter_misc":{"Tiempo de lectura":"3 minutos"},"schema":{"@context":"https:\/\/schema.org","@graph":[{"@type":"WebPage","@id":"https:\/\/healthnetwm.org\/es\/servicios-de-capacitacion\/curriculum-del-modelo-de-atencion\/","url":"https:\/\/healthnetwm.org\/es\/servicios-de-capacitacion\/curriculum-del-modelo-de-atencion\/","name":"Curr\u00edculum del Care Model\u00a9 - Health Net of West Michigan","isPartOf":{"@id":"https:\/\/healthnetwm.org\/#website"},"primaryImageOfPage":{"@id":"https:\/\/healthnetwm.org\/es\/servicios-de-capacitacion\/curriculum-del-modelo-de-atencion\/#primaryimage"},"image":{"@id":"https:\/\/healthnetwm.org\/es\/servicios-de-capacitacion\/curriculum-del-modelo-de-atencion\/#primaryimage"},"thumbnailUrl":"https:\/\/healthnetwm.org\/wp-content\/uploads\/2025\/04\/Default-Blog-Post-Image.png","datePublished":"2024-03-15T14:56:34+00:00","dateModified":"2025-07-14T13:40:23+00:00","breadcrumb":{"@id":"https:\/\/healthnetwm.org\/es\/servicios-de-capacitacion\/curriculum-del-modelo-de-atencion\/#breadcrumb"},"inLanguage":"es","potentialAction":[{"@type":"ReadAction","target":["https:\/\/healthnetwm.org\/es\/servicios-de-capacitacion\/curriculum-del-modelo-de-atencion\/"]}]},{"@type":"ImageObject","inLanguage":"es","@id":"https:\/\/healthnetwm.org\/es\/servicios-de-capacitacion\/curriculum-del-modelo-de-atencion\/#primaryimage","url":"https:\/\/healthnetwm.org\/wp-content\/uploads\/2025\/04\/Default-Blog-Post-Image.png","contentUrl":"https:\/\/healthnetwm.org\/wp-content\/uploads\/2025\/04\/Default-Blog-Post-Image.png","width":1000,"height":750},{"@type":"BreadcrumbList","@id":"https:\/\/healthnetwm.org\/es\/servicios-de-capacitacion\/curriculum-del-modelo-de-atencion\/#breadcrumb","itemListElement":[{"@type":"ListItem","position":1,"name":"Home","item":"https:\/\/healthnetwm.org\/es\/"},{"@type":"ListItem","position":2,"name":"Servicios de Capacitaci\u00f3n","item":"https:\/\/healthnetwm.org\/es\/servicios-de-capacitacion\/"},{"@type":"ListItem","position":3,"name":"Curr\u00edculum del Care Model\u00a9"}]},{"@type":"WebSite","@id":"https:\/\/healthnetwm.org\/#website","url":"https:\/\/healthnetwm.org\/","name":"Health Net of West Michigan","description":"Navigating Care. Connecting Resources.","publisher":{"@id":"https:\/\/healthnetwm.org\/#organization"},"potentialAction":[{"@type":"SearchAction","target":{"@type":"EntryPoint","urlTemplate":"https:\/\/healthnetwm.org\/?s={search_term_string}"},"query-input":{"@type":"PropertyValueSpecification","valueRequired":true,"valueName":"search_term_string"}}],"inLanguage":"es"},{"@type":"Organization","@id":"https:\/\/healthnetwm.org\/#organization","name":"Health Net of West Michigan","url":"https:\/\/healthnetwm.org\/","logo":{"@type":"ImageObject","inLanguage":"es","@id":"https:\/\/healthnetwm.org\/#\/schema\/logo\/image\/","url":"https:\/\/healthnetwm.org\/wp-content\/uploads\/2018\/08\/hnwm-logo-2-min.png","contentUrl":"https:\/\/healthnetwm.org\/wp-content\/uploads\/2018\/08\/hnwm-logo-2-min.png","width":770,"height":220,"caption":"Health Net of West Michigan"},"image":{"@id":"https:\/\/healthnetwm.org\/#\/schema\/logo\/image\/"},"sameAs":["https:\/\/www.facebook.com\/healthnetwm","https:\/\/x.com\/HealthNetWM","https:\/\/www.instagram.com\/healthnetwm\/","https:\/\/www.linkedin.com\/company\/health-net-of-west-michigan\/"]}]}},"_links":{"self":[{"href":"https:\/\/healthnetwm.org\/es\/wp-json\/wp\/v2\/pages\/8021","targetHints":{"allow":["GET"]}}],"collection":[{"href":"https:\/\/healthnetwm.org\/es\/wp-json\/wp\/v2\/pages"}],"about":[{"href":"https:\/\/healthnetwm.org\/es\/wp-json\/wp\/v2\/types\/page"}],"author":[{"embeddable":true,"href":"https:\/\/healthnetwm.org\/es\/wp-json\/wp\/v2\/users\/1"}],"replies":[{"embeddable":true,"href":"https:\/\/healthnetwm.org\/es\/wp-json\/wp\/v2\/comments?post=8021"}],"version-history":[{"count":7,"href":"https:\/\/healthnetwm.org\/es\/wp-json\/wp\/v2\/pages\/8021\/revisions"}],"predecessor-version":[{"id":8219,"href":"https:\/\/healthnetwm.org\/es\/wp-json\/wp\/v2\/pages\/8021\/revisions\/8219"}],"up":[{"embeddable":true,"href":"https:\/\/healthnetwm.org\/es\/wp-json\/wp\/v2\/pages\/8020"}],"wp:featuredmedia":[{"embeddable":true,"href":"https:\/\/healthnetwm.org\/es\/wp-json\/wp\/v2\/media\/6340"}],"wp:attachment":[{"href":"https:\/\/healthnetwm.org\/es\/wp-json\/wp\/v2\/media?parent=8021"}],"curies":[{"name":"wp","href":"https:\/\/api.w.org\/{rel}","templated":true}]}}